{"id":489,"date":"2021-05-09T21:50:13","date_gmt":"2021-05-09T21:50:13","guid":{"rendered":"http:\/\/wp.efforttech.net\/wp\/kidum\/?page_id=489"},"modified":"2022-07-29T08:45:07","modified_gmt":"2022-07-29T08:45:07","slug":"our-gallery","status":"publish","type":"page","link":"https:\/\/setycamp.vn\/en\/our-gallery\/","title":{"rendered":"PHOTO GALLERY"},"content":{"rendered":"<div data-elementor-type=\"wp-page\" data-elementor-id=\"489\" class=\"elementor elementor-489\">\n\t\t\t\t\t\t<section class=\"elementor-section elementor-top-section elementor-element elementor-element-0345adb elementor-section-full_width elementor-section-height-default elementor-section-height-default\" data-id=\"0345adb\" data-element_type=\"section\" data-e-type=\"section\">\n\t\t\t\t\t\t<div class=\"elementor-container elementor-column-gap-default\">\n\t\t\t\t\t<div class=\"elementor-column elementor-col-100 elementor-top-column elementor-element elementor-element-fa31eb0\" data-id=\"fa31eb0\" data-element_type=\"column\" data-e-type=\"column\">\n\t\t\t<div class=\"elementor-widget-wrap elementor-element-populated\">\n\t\t\t\t\t\t<div class=\"elementor-element elementor-element-af24e1a elementor-widget elementor-widget-kidum_our_gallery\" data-id=\"af24e1a\" data-element_type=\"widget\" data-e-type=\"widget\" data-widget_type=\"kidum_our_gallery.default\">\n\t\t\t\t<div class=\"elementor-widget-container\">\n\t\t\t\t\t\t\t\n        <!-- Gallery Section -->\n        <section class=\"gallery-section\">\n            <div class=\"auto-container\">\n                                <div class=\"sec-title centered\">\n                    <h2>PHOTO GALLERY<\/h2>                                    <\/div>\n                                <div class=\"masonry-items-container row clearfix\">\n                                        <!-- Gallery Block -->\n                    <div class=\"gallery-block masonry-item col-lg-4 col-md-6 col-sm-12\">\n                        <div class=\"inner-box\">\n                            <figure class=\"image-box\">\n                                <img fetchpriority=\"high\" decoding=\"async\" width=\"360\" height=\"260\" src=\"https:\/\/setycamp.vn\/wp-content\/uploads\/2021\/05\/MG_8316-1-360x260.jpeg\" class=\"attachment-kidum_360x260 size-kidum_360x260 wp-post-image\" alt=\"\" \/>                                <!-- Overlay Box -->\n                                <div class=\"overlay-box\">\n                                    <div class=\"overlay-inner\">\n                                        <div class=\"content\">\n                                            <h4><a href=\"http:\/\/wp.efforttech.net\/wp\/kidum\/gallery-detail\/\">To\u1ea1 \u0111\u00e0m qu\u1ed1c t\u1ebf v\u1ec1 \u201cS\u1ea3n xu\u1ea5t n\u00f4ng nghi\u1ec7p \u1edf Vi\u1ec7t Nam v\u00e0 c\u00e1c n\u01b0\u1edbc \u0110\u00f4ng Nam \u00c1 t\u1eeb c\u00e1ch ti\u1ebfp c\u1eadn chuy\u1ec3n \u0111\u1ed5i sinh th\u00e1i x\u00e3 h\u1ed9i: C\u01a1 h\u1ed9i, th\u00e1ch th\u1ee9c v\u00e0 h\u00e0m \u00fd ch\u00ednh s\u00e1ch\u201d.<\/a><\/h4>\n                                            <div class=\"category\">Th\u01b0 vi\u1ec7n \u1ea3nh<\/div>\n                                        <\/div>\n                                    <\/div>\n                                <\/div>\n                            <\/figure>\n                        <\/div>\n                    <\/div>\n                                        <!-- Gallery Block -->\n                    <div class=\"gallery-block masonry-item col-lg-4 col-md-6 col-sm-12\">\n                        <div class=\"inner-box\">\n                            <figure class=\"image-box\">\n                                <img decoding=\"async\" width=\"360\" height=\"450\" src=\"https:\/\/setycamp.vn\/wp-content\/uploads\/2021\/05\/image-20201024103156-8-360x450.jpeg\" class=\"attachment-kidum_360x450 size-kidum_360x450 wp-post-image\" alt=\"\" \/>                                <!-- Overlay Box -->\n                                <div class=\"overlay-box\">\n                                    <div class=\"overlay-inner\">\n                                        <div class=\"content\">\n                                            <h4><a href=\"http:\/\/wp.efforttech.net\/wp\/kidum\/gallery-detail\/\">T\u1ecda \u0111\u00e0m qu\u1ed1c t\u1ebf \u201cEnvironmental security in Vietnam: From theory to policy and action\u201dt\u1ea1i Th\u00e0nh ph\u1ed1 C\u1ea7n Th\u01a1<\/a><\/h4>\n                                            <div class=\"category\">Th\u01b0 vi\u1ec7n \u1ea3nh<\/div>\n                                        <\/div>\n                                    <\/div>\n                                <\/div>\n                            <\/figure>\n                        <\/div>\n                    <\/div>\n                                        <!-- Gallery Block -->\n                    <div class=\"gallery-block masonry-item col-lg-4 col-md-6 col-sm-12\">\n                        <div class=\"inner-box\">\n                            <figure class=\"image-box\">\n                                <img decoding=\"async\" width=\"360\" height=\"360\" src=\"https:\/\/setycamp.vn\/wp-content\/uploads\/2021\/05\/bk-e1659422291783-360x360.jpg\" class=\"attachment-kidum_360x360 size-kidum_360x360 wp-post-image\" alt=\"\" srcset=\"https:\/\/setycamp.vn\/wp-content\/uploads\/2021\/05\/bk-e1659422291783-360x360.jpg 360w, https:\/\/setycamp.vn\/wp-content\/uploads\/2021\/05\/bk-e1659422291783-150x150.jpg 150w, https:\/\/setycamp.vn\/wp-content\/uploads\/2021\/05\/bk-e1659422291783-300x300.jpg 300w, https:\/\/setycamp.vn\/wp-content\/uploads\/2021\/05\/bk-e1659422291783-100x100.jpg 100w\" sizes=\"(max-width: 360px) 100vw, 360px\" \/>                                <!-- Overlay Box -->\n                                <div class=\"overlay-box\">\n                                    <div class=\"overlay-inner\">\n                                        <div class=\"content\">\n                                            <h4><a href=\"http:\/\/wp.efforttech.net\/wp\/kidum\/gallery-detail\/\">Kh\u00f3a t\u1eadp hu\u1ea5n K\u1ef9 n\u0103ng ho\u1ea1ch \u0111\u1ecbnh v\u00e0 v\u1eadn \u0111\u1ed9ng ch\u00ednh s\u00e1ch trong b\u1ed1i c\u1ea3nh chuy\u1ec3n \u0111\u1ed5i kinh t\u1ebf, sinh th\u00e1i v\u00e0 x\u00e3 h\u1ed9i\u201d t\u1ea1i t\u1ec9nh B\u1eafc K\u1ea1n (11-20\/07\/2019)<\/a><\/h4>\n                                            <div class=\"category\">Th\u01b0 vi\u1ec7n \u1ea3nh<\/div>\n                                        <\/div>\n                                    <\/div>\n                                <\/div>\n                            <\/figure>\n                        <\/div>\n                    <\/div>\n                                        <!-- Gallery Block -->\n                    <div class=\"gallery-block masonry-item col-lg-4 col-md-6 col-sm-12\">\n                        <div class=\"inner-box\">\n                            <figure class=\"image-box\">\n                                <img loading=\"lazy\" decoding=\"async\" width=\"360\" height=\"260\" src=\"https:\/\/setycamp.vn\/wp-content\/uploads\/2021\/05\/834aa26efbae1df044bf-360x260.jpg\" class=\"attachment-kidum_360x260 size-kidum_360x260 wp-post-image\" alt=\"\" \/>                                <!-- Overlay Box -->\n                                <div class=\"overlay-box\">\n                                    <div class=\"overlay-inner\">\n                                        <div class=\"content\">\n                                            <h4><a href=\"http:\/\/wp.efforttech.net\/wp\/kidum\/gallery-detail\/\">T\u1ecda \u0111\u00e0m &#8220;An ninh m\u00f4i tr\u01b0\u1eddng \u1edf khu v\u1ef1c \u0110\u00f4ng Nam \u00c1 trong b\u1ed1i c\u1ea3nh chuy\u1ec3n \u0111\u1ed5i kinh t\u1ebf, sinh th\u00e1i v\u00e0 x\u00e3 h\u1ed9i&#8221; thu\u1ed9c D\u1ef1 \u00e1n SET 2019<\/a><\/h4>\n                                            <div class=\"category\">Th\u01b0 vi\u1ec7n \u1ea3nh<\/div>\n                                        <\/div>\n                                    <\/div>\n                                <\/div>\n                            <\/figure>\n                        <\/div>\n                    <\/div>\n                                        <!-- Gallery Block -->\n                    <div class=\"gallery-block masonry-item col-lg-4 col-md-6 col-sm-12\">\n                        <div class=\"inner-box\">\n                            <figure class=\"image-box\">\n                                <img loading=\"lazy\" decoding=\"async\" width=\"360\" height=\"450\" src=\"https:\/\/setycamp.vn\/wp-content\/uploads\/2021\/05\/py-360x450.jpeg\" class=\"attachment-kidum_360x450 size-kidum_360x450 wp-post-image\" alt=\"\" \/>                                <!-- Overlay Box -->\n                                <div class=\"overlay-box\">\n                                    <div class=\"overlay-inner\">\n                                        <div class=\"content\">\n                                            <h4><a href=\"http:\/\/wp.efforttech.net\/wp\/kidum\/gallery-detail\/\">T\u1ecda \u0111\u00e0m &#8220;Chia s\u1ebb kinh nghi\u1ec7m gi\u1eefa Vi\u1ec7t Nam v\u00e0 CHLB \u0110\u1ee9c v\u1ec1 nghi\u00ean c\u1ee9u v\u00e0 ho\u1ea1ch \u0111\u1ecbnh ch\u00ednh s\u00e1ch trong b\u1ed1i c\u1ea3nh chuy\u1ec3n \u0111\u1ed5i kinh t\u1ebf, sinh th\u00e1i, x\u00e3 h\u1ed9i&#8221; thu\u1ed9c D\u1ef1 \u00e1n SET 2019<\/a><\/h4>\n                                            <div class=\"category\">Th\u01b0 vi\u1ec7n \u1ea3nh<\/div>\n                                        <\/div>\n                                    <\/div>\n                                <\/div>\n                            <\/figure>\n                        <\/div>\n                    <\/div>\n                                        <!-- Gallery Block -->\n                    <div class=\"gallery-block masonry-item col-lg-4 col-md-6 col-sm-12\">\n                        <div class=\"inner-box\">\n                            <figure class=\"image-box\">\n                                <img loading=\"lazy\" decoding=\"async\" width=\"360\" height=\"260\" src=\"https:\/\/setycamp.vn\/wp-content\/uploads\/2021\/05\/7ad89a8cc75c05025c4d-360x260.jpg\" class=\"attachment-kidum_360x260 size-kidum_360x260 wp-post-image\" alt=\"\" \/>                                <!-- Overlay Box -->\n                                <div class=\"overlay-box\">\n                                    <div class=\"overlay-inner\">\n                                        <div class=\"content\">\n                                            <h4><a href=\"http:\/\/wp.efforttech.net\/wp\/kidum\/gallery-detail\/\">B\u1ea3n tin v\u1ec1 Chuy\u1ec3n \u0111\u1ed5i Kinh t\u1ebf, X\u00e3 h\u1ed9i v\u00e0 Sinh th\u00e1i \u1edf Vi\u1ec7t Nam thu\u1ed9c D\u1ef1 \u00e1n SET 2018<\/a><\/h4>\n                                            <div class=\"category\">Th\u01b0 vi\u1ec7n \u1ea3nh<\/div>\n                                        <\/div>\n                                    <\/div>\n                                <\/div>\n                            <\/figure>\n                        <\/div>\n                    <\/div>\n                                        <!-- Gallery Block -->\n                    <div class=\"gallery-block masonry-item col-lg-4 col-md-6 col-sm-12\">\n                        <div class=\"inner-box\">\n                            <figure class=\"image-box\">\n                                <img loading=\"lazy\" decoding=\"async\" width=\"360\" height=\"260\" src=\"https:\/\/setycamp.vn\/wp-content\/uploads\/2021\/05\/MG_3184-360x260.jpeg\" class=\"attachment-kidum_360x260 size-kidum_360x260 wp-post-image\" alt=\"\" \/>                                <!-- Overlay Box -->\n                                <div class=\"overlay-box\">\n                                    <div class=\"overlay-inner\">\n                                        <div class=\"content\">\n                                            <h4><a href=\"https:\/\/www.google.com\/\">T\u1ecda \u0111\u00e0m v\u1ec1 \u201cChuy\u1ec3n \u0111\u1ed5i x\u00e3 h\u1ed9i, sinh th\u00e1i v\u00e0 kinh t\u1ebf t\u1ea1i Vi\u1ec7t Nam: L\u00fd thuy\u1ebft v\u00e0 th\u1ef1c ti\u1ec5n\u201d thu\u1ed9c D\u1ef1 \u00e1n SET 2018<\/a><\/h4>\n                                            <div class=\"category\">Th\u01b0 vi\u1ec7n \u1ea3nh<\/div>\n                                        <\/div>\n                                    <\/div>\n                                <\/div>\n                            <\/figure>\n                        <\/div>\n                    <\/div>\n                                        <!-- Gallery Block -->\n                    <div class=\"gallery-block masonry-item col-lg-4 col-md-6 col-sm-12\">\n                        <div class=\"inner-box\">\n                            <figure class=\"image-box\">\n                                <img loading=\"lazy\" decoding=\"async\" width=\"360\" height=\"360\" src=\"https:\/\/setycamp.vn\/wp-content\/uploads\/2021\/05\/MG_2141-360x360.jpeg\" class=\"attachment-kidum_360x360 size-kidum_360x360 wp-post-image\" alt=\"\" srcset=\"https:\/\/setycamp.vn\/wp-content\/uploads\/2021\/05\/MG_2141-360x360.jpeg 360w, https:\/\/setycamp.vn\/wp-content\/uploads\/2021\/05\/MG_2141-150x150.jpeg 150w, https:\/\/setycamp.vn\/wp-content\/uploads\/2021\/05\/MG_2141-300x300.jpeg 300w, https:\/\/setycamp.vn\/wp-content\/uploads\/2021\/05\/MG_2141-100x100.jpeg 100w\" sizes=\"(max-width: 360px) 100vw, 360px\" \/>                                <!-- Overlay Box -->\n                                <div class=\"overlay-box\">\n                                    <div class=\"overlay-inner\">\n                                        <div class=\"content\">\n                                            <h4><a href=\"http:\/\/wp.efforttech.net\/wp\/kidum\/gallery-detail\/\">M\u1ed9t s\u1ed1 h\u00ecnh \u1ea3nh kh\u00f3a t\u1eadp hu\u1ea5n TOT<\/a><\/h4>\n                                            <div class=\"category\">Th\u01b0 vi\u1ec7n \u1ea3nh<\/div>\n                                        <\/div>\n                                    <\/div>\n                                <\/div>\n                            <\/figure>\n                        <\/div>\n                    <\/div>\n                                        <!-- Gallery Block -->\n                    <div class=\"gallery-block masonry-item col-lg-4 col-md-6 col-sm-12\">\n                        <div class=\"inner-box\">\n                            <figure class=\"image-box\">\n                                <img loading=\"lazy\" decoding=\"async\" width=\"360\" height=\"450\" src=\"https:\/\/setycamp.vn\/wp-content\/uploads\/2021\/05\/MG_3749-4-2-360x450.jpg\" class=\"attachment-kidum_360x450 size-kidum_360x450 wp-post-image\" alt=\"\" \/>                                <!-- Overlay Box -->\n                                <div class=\"overlay-box\">\n                                    <div class=\"overlay-inner\">\n                                        <div class=\"content\">\n                                            <h4><a href=\"http:\/\/wp.efforttech.net\/wp\/kidum\/gallery-detail\/\">T\u1ecda \u0111\u00e0m Trao \u0111\u1ed5i kinh nghi\u1ec7m gi\u1ea3ng d\u1ea1y v\u00e0 nghi\u00ean c\u1ee9u trong l\u0129nh v\u1ef1c Ch\u00ednh s\u00e1ch v\u00e0 Qu\u1ea3n l\u00fd<\/a><\/h4>\n                                            <div class=\"category\">Th\u01b0 vi\u1ec7n \u1ea3nh<\/div>\n                                        <\/div>\n                                    <\/div>\n                                <\/div>\n                            <\/figure>\n                        <\/div>\n                    <\/div>\n                                        <!-- Gallery Block -->\n                    <div class=\"gallery-block masonry-item col-lg-4 col-md-6 col-sm-12\">\n                        <div class=\"inner-box\">\n                            <figure class=\"image-box\">\n                                <img loading=\"lazy\" decoding=\"async\" width=\"360\" height=\"450\" src=\"https:\/\/setycamp.vn\/wp-content\/uploads\/2021\/05\/MG_3810-360x450.jpeg\" class=\"attachment-kidum_360x450 size-kidum_360x450 wp-post-image\" alt=\"\" \/>                                <!-- Overlay Box -->\n                                <div class=\"overlay-box\">\n                                    <div class=\"overlay-inner\">\n                                        <div class=\"content\">\n                                            <h4><a href=\"http:\/\/wp.efforttech.net\/wp\/kidum\/gallery-detail\/\">T\u1ecda \u0111\u00e0m \u201cN\u00e2ng cao k\u1ef9 n\u0103ng qu\u1ea3n l\u00fd nghi\u00ean c\u1ee9u khoa h\u1ecdc cho c\u00e1c nh\u00e0 nghi\u00ean c\u1ee9u t\u1ea1i Vi\u1ec7t Nam\u201d<\/a><\/h4>\n                                            <div class=\"category\">Th\u01b0 vi\u1ec7n \u1ea3nh<\/div>\n                                        <\/div>\n                                    <\/div>\n                                <\/div>\n                            <\/figure>\n                        <\/div>\n                    <\/div>\n                                    <\/div>\n                \n                                <br>\n                <!-- Styled Pagination -->\n                <div class=\"styled-pagination text-center\">\n                    <ul class=\"pagination\">\n\t<li><span aria-current=\"page\" class=\"page-numbers current\">1<\/span><\/li>\n\t<li><a class=\"page-numbers\" href=\"https:\/\/setycamp.vn\/en\/wp-json\/wp\/v2\/pages\/489\/page\/2\/\">2<\/a><\/li>\n\t<li><a class=\"page-numbers\" href=\"https:\/\/setycamp.vn\/en\/wp-json\/wp\/v2\/pages\/489\/page\/3\/\">3<\/a><\/li>\n\t<li><span class=\"page-numbers dots\">&hellip;<\/span><\/li>\n\t<li><a class=\"page-numbers\" href=\"https:\/\/setycamp.vn\/en\/wp-json\/wp\/v2\/pages\/489\/page\/6\/\">6<\/a><\/li>\n\t<li><a class=\"next page-numbers\" href=\"https:\/\/setycamp.vn\/en\/wp-json\/wp\/v2\/pages\/489\/page\/2\/\"><i class=\"fa fa-angle-right\"><\/i> <\/a><\/li>\n<\/ul>\n                <\/div>                \n                <!-- End Styled Pagination -->\n                            <\/div>\n        <\/section>\n        <!-- End Gallery Section -->\n        \n        \t\t\t\t<\/div>\n\t\t\t\t<\/div>\n\t\t\t\t\t<\/div>\n\t\t<\/div>\n\t\t\t\t\t<\/div>\n\t\t<\/section>\n\t\t\t\t<\/div>","protected":false},"excerpt":{"rendered":"<p>TH\u01af VI\u1ec6N \u1ea2NH Child Books Library Th\u01b0 vi\u1ec7n \u1ea3nh Child Books Library Th\u01b0 vi\u1ec7n \u1ea3nh Child Books Library Th\u01b0 vi\u1ec7n \u1ea3nh To\u1ea1 \u0111\u00e0m qu\u1ed1c t\u1ebf v\u1ec1 \u201cS\u1ea3n xu\u1ea5t n\u00f4ng nghi\u1ec7p \u1edf Vi\u1ec7t Nam v\u00e0 c\u00e1c n\u01b0\u1edbc \u0110\u00f4ng Nam \u00c1 t\u1eeb c\u00e1ch ti\u1ebfp c\u1eadn chuy\u1ec3n \u0111\u1ed5i sinh th\u00e1i x\u00e3 h\u1ed9i: C\u01a1 h\u1ed9i, th\u00e1ch th\u1ee9c v\u00e0 h\u00e0m [&hellip;]<\/p>\n","protected":false},"author":1,"featured_media":0,"parent":0,"menu_order":0,"comment_status":"closed","ping_status":"closed","template":"tpl-default-elementor.php","meta":{"footnotes":""},"class_list":["post-489","page","type-page","status-publish","hentry"],"_links":{"self":[{"href":"https:\/\/setycamp.vn\/en\/wp-json\/wp\/v2\/pages\/489","targetHints":{"allow":["GET"]}}],"collection":[{"href":"https:\/\/setycamp.vn\/en\/wp-json\/wp\/v2\/pages"}],"about":[{"href":"https:\/\/setycamp.vn\/en\/wp-json\/wp\/v2\/types\/page"}],"author":[{"embeddable":true,"href":"https:\/\/setycamp.vn\/en\/wp-json\/wp\/v2\/users\/1"}],"replies":[{"embeddable":true,"href":"https:\/\/setycamp.vn\/en\/wp-json\/wp\/v2\/comments?post=489"}],"version-history":[{"count":5,"href":"https:\/\/setycamp.vn\/en\/wp-json\/wp\/v2\/pages\/489\/revisions"}],"predecessor-version":[{"id":1721,"href":"https:\/\/setycamp.vn\/en\/wp-json\/wp\/v2\/pages\/489\/revisions\/1721"}],"wp:attachment":[{"href":"https:\/\/setycamp.vn\/en\/wp-json\/wp\/v2\/media?parent=489"}],"curies":[{"name":"wp","href":"https:\/\/api.w.org\/{rel}","templated":true}]}}