{"id":1571,"date":"2022-07-26T15:10:13","date_gmt":"2022-07-26T15:10:13","guid":{"rendered":"https:\/\/setycamp.com.vn\/?page_id=1571"},"modified":"2022-07-30T10:00:16","modified_gmt":"2022-07-30T10:00:16","slug":"thu-vien-set","status":"publish","type":"page","link":"https:\/\/setycamp.vn\/en\/thu-vien-set\/","title":{"rendered":"Th\u01b0 vi\u1ec7n SET"},"content":{"rendered":"<div data-elementor-type=\"wp-page\" data-elementor-id=\"1571\" class=\"elementor elementor-1571\">\n\t\t\t\t\t\t<section class=\"elementor-section elementor-top-section elementor-element elementor-element-c257e8b elementor-section-full_width elementor-section-height-default elementor-section-height-default\" data-id=\"c257e8b\" data-element_type=\"section\" data-e-type=\"section\">\n\t\t\t\t\t\t<div class=\"elementor-container elementor-column-gap-default\">\n\t\t\t\t\t<div class=\"elementor-column elementor-col-100 elementor-top-column elementor-element elementor-element-1313b32\" data-id=\"1313b32\" data-element_type=\"column\" data-e-type=\"column\">\n\t\t\t<div class=\"elementor-widget-wrap elementor-element-populated\">\n\t\t\t\t\t\t<div class=\"elementor-element elementor-element-4618d32 elementor-widget elementor-widget-kidum_our_courses_v4\" data-id=\"4618d32\" data-element_type=\"widget\" data-e-type=\"widget\" data-widget_type=\"kidum_our_courses_v4.default\">\n\t\t\t\t<div class=\"elementor-widget-container\">\n\t\t\t\t\t\t\t\n        <!-- Classes Page Section -->\n        <section class=\"classes-page-section\">\n            <div class=\"auto-container\">\n                <div class=\"row clearfix\">\n                                        <!-- Course Block Three -->\n                    <div class=\"course-block-three col-xl-3 col-lg-4 col-md-6 col-sm-12\">\n                        <div class=\"inner-box\">\n                            <div class=\"image\">\n                                <a href=\"https:\/\/setycamp.vn\/en\/courses\/bao-cao-thuong-nien-sety-so-1-2024-gioi-tre-va-hanh-trinh-net-zero-cua-viet-nam-trong-boi-canh-chuyen-doi-sinh-thai-xa-hoi\/\"><img fetchpriority=\"high\" decoding=\"async\" width=\"2560\" height=\"1918\" src=\"https:\/\/setycamp.vn\/wp-content\/uploads\/2025\/02\/Bia_Quyen-1-Da-co-GPXB-scaled.jpg\" class=\"attachment-kidum_340x250 size-kidum_340x250 wp-post-image\" alt=\"\" srcset=\"https:\/\/setycamp.vn\/wp-content\/uploads\/2025\/02\/Bia_Quyen-1-Da-co-GPXB-scaled.jpg 2560w, https:\/\/setycamp.vn\/wp-content\/uploads\/2025\/02\/Bia_Quyen-1-Da-co-GPXB-300x225.jpg 300w, https:\/\/setycamp.vn\/wp-content\/uploads\/2025\/02\/Bia_Quyen-1-Da-co-GPXB-1024x767.jpg 1024w, https:\/\/setycamp.vn\/wp-content\/uploads\/2025\/02\/Bia_Quyen-1-Da-co-GPXB-768x576.jpg 768w, https:\/\/setycamp.vn\/wp-content\/uploads\/2025\/02\/Bia_Quyen-1-Da-co-GPXB-1536x1151.jpg 1536w, https:\/\/setycamp.vn\/wp-content\/uploads\/2025\/02\/Bia_Quyen-1-Da-co-GPXB-2048x1535.jpg 2048w, https:\/\/setycamp.vn\/wp-content\/uploads\/2025\/02\/Bia_Quyen-1-Da-co-GPXB-600x450.jpg 600w\" sizes=\"(max-width: 2560px) 100vw, 2560px\" \/><\/a>\n                                <!-- <div class=\"post-date\">\t<div class=\"price\">\n\t\tFree\t<\/div>\n\t<\/div> -->\n                            <\/div>\n                            <div class=\"lower-content\">\n                                <ul class=\"course-info\">\n                                    <li>12 Lesson<\/li>\n                                    <li>40 Classes<\/li>\n                                    <li>123 Seats<\/li>\n                                <\/ul>\n                                <h4><a href=\"https:\/\/setycamp.vn\/en\/courses\/bao-cao-thuong-nien-sety-so-1-2024-gioi-tre-va-hanh-trinh-net-zero-cua-viet-nam-trong-boi-canh-chuyen-doi-sinh-thai-xa-hoi\/\">B\u00e1o c\u00e1o Th\u01b0\u1eddng ni\u00ean SETY s\u1ed1 1\/2024: Gi\u1edbi tr\u1ebb v\u00e0 H\u00e0nh tr\u00ecnh Net Zero c\u1ee7a Vi\u1ec7t Nam trong B\u1ed1i c\u1ea3nh Chuy\u1ec3n \u0111\u1ed5i Sinh th\u00e1i &#8211; X\u00e3 h\u1ed9i<\/a><\/h4>\n                                <div class=\"text\">&#8220;B\u00e1o c\u00e1o th\u01b0\u1eddng ni\u00ean SETY s\u1ed1 1\/2024: Gi\u1edbi tr\u1ebb v\u00e0 h\u00e0nh tr\u00ecnh Net Zero c\u1ee7a ...<\/div>\n                                <a href=\"https:\/\/setycamp.vn\/en\/courses\/bao-cao-thuong-nien-sety-so-1-2024-gioi-tre-va-hanh-trinh-net-zero-cua-viet-nam-trong-boi-canh-chuyen-doi-sinh-thai-xa-hoi\/\" class=\"theme-btn btn-style-one\"><span class=\"txt\">\u0110\u1ecdc ti\u1ebfp<\/span><\/a>\n                            <\/div>\n                        <\/div>\n                    <\/div>\n                                        <!-- Course Block Three -->\n                    <div class=\"course-block-three col-xl-3 col-lg-4 col-md-6 col-sm-12\">\n                        <div class=\"inner-box\">\n                            <div class=\"image\">\n                                <a href=\"https:\/\/setycamp.vn\/en\/courses\/so-tay-thong-tin-trai-he-sety-2024\/\"><img loading=\"lazy\" decoding=\"async\" width=\"720\" height=\"1040\" src=\"https:\/\/setycamp.vn\/wp-content\/uploads\/2024\/06\/SETY-CAMP-2024.png\" class=\"attachment-kidum_340x250 size-kidum_340x250 wp-post-image\" alt=\"\" srcset=\"https:\/\/setycamp.vn\/wp-content\/uploads\/2024\/06\/SETY-CAMP-2024.png 720w, https:\/\/setycamp.vn\/wp-content\/uploads\/2024\/06\/SETY-CAMP-2024-208x300.png 208w, https:\/\/setycamp.vn\/wp-content\/uploads\/2024\/06\/SETY-CAMP-2024-709x1024.png 709w, https:\/\/setycamp.vn\/wp-content\/uploads\/2024\/06\/SETY-CAMP-2024-600x867.png 600w\" sizes=\"(max-width: 720px) 100vw, 720px\" \/><\/a>\n                                <!-- <div class=\"post-date\">\t<div class=\"price\">\n\t\tFree\t<\/div>\n\t<\/div> -->\n                            <\/div>\n                            <div class=\"lower-content\">\n                                <ul class=\"course-info\">\n                                    <li>12 Lesson<\/li>\n                                    <li>40 Classes<\/li>\n                                    <li>123 Seats<\/li>\n                                <\/ul>\n                                <h4><a href=\"https:\/\/setycamp.vn\/en\/courses\/so-tay-thong-tin-trai-he-sety-2024\/\">S\u1ed4 TAY TH\u00d4NG TIN TR\u1ea0I H\u00c8 SETY 2024<\/a><\/h4>\n                                <div class=\"text\">V\u1edbi m\u1ee5c \u0111\u00edch gi\u00fap c\u00e1c b\u1ea1n h\u1ecdc vi\u00ean n\u1eafm \u0111\u01b0\u1ee3c c\u00e1c th\u00f4ng tin v\u1ec1 chu\u1ed7i ...<\/div>\n                                <a href=\"https:\/\/setycamp.vn\/en\/courses\/so-tay-thong-tin-trai-he-sety-2024\/\" class=\"theme-btn btn-style-one\"><span class=\"txt\">\u0110\u1ecdc ti\u1ebfp<\/span><\/a>\n                            <\/div>\n                        <\/div>\n                    <\/div>\n                                        <!-- Course Block Three -->\n                    <div class=\"course-block-three col-xl-3 col-lg-4 col-md-6 col-sm-12\">\n                        <div class=\"inner-box\">\n                            <div class=\"image\">\n                                <a href=\"https:\/\/setycamp.vn\/en\/courses\/phat-trien-mo-hinh-hop-tac-xa-du-lich-nong-lam-ket-hop-tai-ban-nam-nghiep-du-an-uom-tao\/\"><img loading=\"lazy\" decoding=\"async\" width=\"1058\" height=\"1497\" src=\"https:\/\/setycamp.vn\/wp-content\/uploads\/2023\/10\/Final-report_Nam-Nghiep-1-pdf.jpg\" class=\"attachment-kidum_340x250 size-kidum_340x250 wp-post-image\" alt=\"\" \/><\/a>\n                                <!-- <div class=\"post-date\">\t<div class=\"price\">\n\t\tFree\t<\/div>\n\t<\/div> -->\n                            <\/div>\n                            <div class=\"lower-content\">\n                                <ul class=\"course-info\">\n                                    <li>12 Lesson<\/li>\n                                    <li>40 Classes<\/li>\n                                    <li>123 Seats<\/li>\n                                <\/ul>\n                                <h4><a href=\"https:\/\/setycamp.vn\/en\/courses\/phat-trien-mo-hinh-hop-tac-xa-du-lich-nong-lam-ket-hop-tai-ban-nam-nghiep-du-an-uom-tao\/\">PH\u00c1T TRI\u1ec2N M\u00d4 H\u00ccNH H\u1ee2P T\u00c1C X\u00c3 DU L\u1ecaCH N\u00d4NG L\u00c2M K\u1ebeT H\u1ee2P T\u1ea0I B\u1ea2N N\u1eacM NGHI\u1ec6P &#8211;  D\u1ef0 \u00c1N \u01af\u01a0M T\u1ea0O<\/a><\/h4>\n                                <div class=\"text\">T\u1eadn d\u1ee5ng ti\u1ec1m n\u0103ng, l\u1ee3i th\u1ebf v\u1ec1 c\u1ea3nh quan thi\u00ean nhi\u00ean, c\u00e1nh r\u1eebng s\u01a1n tra ...<\/div>\n                                <a href=\"https:\/\/setycamp.vn\/en\/courses\/phat-trien-mo-hinh-hop-tac-xa-du-lich-nong-lam-ket-hop-tai-ban-nam-nghiep-du-an-uom-tao\/\" class=\"theme-btn btn-style-one\"><span class=\"txt\">\u0110\u1ecdc ti\u1ebfp<\/span><\/a>\n                            <\/div>\n                        <\/div>\n                    <\/div>\n                                        <!-- Course Block Three -->\n                    <div class=\"course-block-three col-xl-3 col-lg-4 col-md-6 col-sm-12\">\n                        <div class=\"inner-box\">\n                            <div class=\"image\">\n                                <a href=\"https:\/\/setycamp.vn\/en\/courses\/so-tay-thong-tin-trai-he-sety-2023\/\"><img loading=\"lazy\" decoding=\"async\" width=\"875\" height=\"1241\" src=\"https:\/\/setycamp.vn\/wp-content\/uploads\/2023\/08\/ilovepdf_merged-1_page-0001.jpg\" class=\"attachment-kidum_340x250 size-kidum_340x250 wp-post-image\" alt=\"\" srcset=\"https:\/\/setycamp.vn\/wp-content\/uploads\/2023\/08\/ilovepdf_merged-1_page-0001.jpg 875w, https:\/\/setycamp.vn\/wp-content\/uploads\/2023\/08\/ilovepdf_merged-1_page-0001-212x300.jpg 212w, https:\/\/setycamp.vn\/wp-content\/uploads\/2023\/08\/ilovepdf_merged-1_page-0001-722x1024.jpg 722w, https:\/\/setycamp.vn\/wp-content\/uploads\/2023\/08\/ilovepdf_merged-1_page-0001-768x1089.jpg 768w, https:\/\/setycamp.vn\/wp-content\/uploads\/2023\/08\/ilovepdf_merged-1_page-0001-600x851.jpg 600w\" sizes=\"(max-width: 875px) 100vw, 875px\" \/><\/a>\n                                <!-- <div class=\"post-date\">\t<div class=\"price\">\n\t\tFree\t<\/div>\n\t<\/div> -->\n                            <\/div>\n                            <div class=\"lower-content\">\n                                <ul class=\"course-info\">\n                                    <li>12 Lesson<\/li>\n                                    <li>40 Classes<\/li>\n                                    <li>123 Seats<\/li>\n                                <\/ul>\n                                <h4><a href=\"https:\/\/setycamp.vn\/en\/courses\/so-tay-thong-tin-trai-he-sety-2023\/\">S\u1ed5 tay th\u00f4ng tin Tr\u1ea1i h\u00e8 SETY 2023<\/a><\/h4>\n                                <div class=\"text\">V\u1edbi m\u1ee5c \u0111\u00edch gi\u00fap c\u00e1c b\u1ea1n h\u1ecdc vi\u00ean n\u1eafm \u0111\u01b0\u1ee3c c\u00e1c th\u00f4ng tin v\u1ec1 d\u1ef1 ...<\/div>\n                                <a href=\"https:\/\/setycamp.vn\/en\/courses\/so-tay-thong-tin-trai-he-sety-2023\/\" class=\"theme-btn btn-style-one\"><span class=\"txt\">\u0110\u1ecdc ti\u1ebfp<\/span><\/a>\n                            <\/div>\n                        <\/div>\n                    <\/div>\n                                        <!-- Course Block Three -->\n                    <div class=\"course-block-three col-xl-3 col-lg-4 col-md-6 col-sm-12\">\n                        <div class=\"inner-box\">\n                            <div class=\"image\">\n                                <a href=\"https:\/\/setycamp.vn\/en\/courses\/so-tay-thong-tin-trai-he-sety-2022\/\"><img loading=\"lazy\" decoding=\"async\" width=\"720\" height=\"1040\" src=\"https:\/\/setycamp.vn\/wp-content\/uploads\/2022\/09\/Program-Book.png\" class=\"attachment-kidum_340x250 size-kidum_340x250 wp-post-image\" alt=\"\" srcset=\"https:\/\/setycamp.vn\/wp-content\/uploads\/2022\/09\/Program-Book.png 720w, https:\/\/setycamp.vn\/wp-content\/uploads\/2022\/09\/Program-Book-208x300.png 208w, https:\/\/setycamp.vn\/wp-content\/uploads\/2022\/09\/Program-Book-709x1024.png 709w, https:\/\/setycamp.vn\/wp-content\/uploads\/2022\/09\/Program-Book-600x867.png 600w\" sizes=\"(max-width: 720px) 100vw, 720px\" \/><\/a>\n                                <!-- <div class=\"post-date\">\t<div class=\"price\">\n\t\tFree\t<\/div>\n\t<\/div> -->\n                            <\/div>\n                            <div class=\"lower-content\">\n                                <ul class=\"course-info\">\n                                    <li>12 Lesson<\/li>\n                                    <li>40 Classes<\/li>\n                                    <li>123 Seats<\/li>\n                                <\/ul>\n                                <h4><a href=\"https:\/\/setycamp.vn\/en\/courses\/so-tay-thong-tin-trai-he-sety-2022\/\">S\u1ed5 tay th\u00f4ng tin Tr\u1ea1i h\u00e8 SETY 2022<\/a><\/h4>\n                                <div class=\"text\">V\u1edbi m\u1ee5c \u0111\u00edch gi\u00fap c\u00e1c b\u1ea1n h\u1ecdc vi\u00ean n\u1eafm \u0111\u01b0\u1ee3c c\u00e1c th\u00f4ng tin v\u1ec1 d\u1ef1 ...<\/div>\n                                <a href=\"https:\/\/setycamp.vn\/en\/courses\/so-tay-thong-tin-trai-he-sety-2022\/\" class=\"theme-btn btn-style-one\"><span class=\"txt\">\u0110\u1ecdc ti\u1ebfp<\/span><\/a>\n                            <\/div>\n                        <\/div>\n                    <\/div>\n                                        <!-- Course Block Three -->\n                    <div class=\"course-block-three col-xl-3 col-lg-4 col-md-6 col-sm-12\">\n                        <div class=\"inner-box\">\n                            <div class=\"image\">\n                                <a href=\"https:\/\/setycamp.vn\/en\/courses\/sach-trien-vong-ve-chuyen-doi-kinh-te-sinh-thai-va-xa-hoi-tai-viet-nam-tu-thuc-tien-den-chinh-sach\/\"><img loading=\"lazy\" decoding=\"async\" width=\"2620\" height=\"1310\" src=\"https:\/\/setycamp.vn\/wp-content\/uploads\/2022\/07\/TRIEN-VONG-VE-CHUYEN-DOI-KINH-TE-Ao-bia-sua-in-lai-pdf.jpg\" class=\"attachment-kidum_340x250 size-kidum_340x250 wp-post-image\" alt=\"\" \/><\/a>\n                                <!-- <div class=\"post-date\">\t<div class=\"price\">\n\t\tFree\t<\/div>\n\t<\/div> -->\n                            <\/div>\n                            <div class=\"lower-content\">\n                                <ul class=\"course-info\">\n                                    <li>12 Lesson<\/li>\n                                    <li>40 Classes<\/li>\n                                    <li>123 Seats<\/li>\n                                <\/ul>\n                                <h4><a href=\"https:\/\/setycamp.vn\/en\/courses\/sach-trien-vong-ve-chuyen-doi-kinh-te-sinh-thai-va-xa-hoi-tai-viet-nam-tu-thuc-tien-den-chinh-sach\/\">Cu\u1ed1n s\u00e1ch &#8220;Tri\u1ec3n v\u1ecdng v\u1ec1 chuy\u1ec3n \u0111\u1ed5i kinh t\u1ebf, sinh th\u00e1i v\u00e0 x\u00e3 h\u1ed9i t\u1ea1i Vi\u1ec7t Nam: T\u1eeb th\u1ef1c ti\u1ec5n \u0111\u1ebfn ch\u00ednh s\u00e1ch&#8221;<\/a><\/h4>\n                                <div class=\"text\">T\u00ednh li\u00ean ng\u00e0nh trong khoa h\u1ecdc ng\u00e0y nay \u0111\u00e3 v\u00e0 \u0111ang v\u01b0\u1ee3t ra ngo\u00e0i ranh ...<\/div>\n                                <a href=\"https:\/\/setycamp.vn\/en\/courses\/sach-trien-vong-ve-chuyen-doi-kinh-te-sinh-thai-va-xa-hoi-tai-viet-nam-tu-thuc-tien-den-chinh-sach\/\" class=\"theme-btn btn-style-one\"><span class=\"txt\">\u0110\u1ecdc ti\u1ebfp<\/span><\/a>\n                            <\/div>\n                        <\/div>\n                    <\/div>\n                                        <!-- Course Block Three -->\n                    <div class=\"course-block-three col-xl-3 col-lg-4 col-md-6 col-sm-12\">\n                        <div class=\"inner-box\">\n                            <div class=\"image\">\n                                <a href=\"https:\/\/setycamp.vn\/en\/courses\/skill-club-2\/\"><img loading=\"lazy\" decoding=\"async\" width=\"2560\" height=\"1882\" src=\"https:\/\/setycamp.vn\/wp-content\/uploads\/2021\/05\/Bia_ky-yeu-SXNN-scaled.jpg\" class=\"attachment-kidum_340x250 size-kidum_340x250 wp-post-image\" alt=\"\" srcset=\"https:\/\/setycamp.vn\/wp-content\/uploads\/2021\/05\/Bia_ky-yeu-SXNN-scaled.jpg 2560w, https:\/\/setycamp.vn\/wp-content\/uploads\/2021\/05\/Bia_ky-yeu-SXNN-300x221.jpg 300w, https:\/\/setycamp.vn\/wp-content\/uploads\/2021\/05\/Bia_ky-yeu-SXNN-1024x753.jpg 1024w, https:\/\/setycamp.vn\/wp-content\/uploads\/2021\/05\/Bia_ky-yeu-SXNN-768x565.jpg 768w, https:\/\/setycamp.vn\/wp-content\/uploads\/2021\/05\/Bia_ky-yeu-SXNN-1536x1129.jpg 1536w, https:\/\/setycamp.vn\/wp-content\/uploads\/2021\/05\/Bia_ky-yeu-SXNN-2048x1506.jpg 2048w, https:\/\/setycamp.vn\/wp-content\/uploads\/2021\/05\/Bia_ky-yeu-SXNN-600x441.jpg 600w\" sizes=\"(max-width: 2560px) 100vw, 2560px\" \/><\/a>\n                                <!-- <div class=\"post-date\">\t<div class=\"price\">\n\t\tFree\t<\/div>\n\t<\/div> -->\n                            <\/div>\n                            <div class=\"lower-content\">\n                                <ul class=\"course-info\">\n                                    <li>12 Lesson<\/li>\n                                    <li>40 Classes<\/li>\n                                    <li>123 Seats<\/li>\n                                <\/ul>\n                                <h4><a href=\"https:\/\/setycamp.vn\/en\/courses\/skill-club-2\/\">Cu\u1ed1n s\u00e1ch &#8220;S\u1ea3n xu\u1ea5t n\u00f4ng nghi\u1ec7p \u1edf Vi\u1ec7t Nam t\u1eeb c\u00e1ch ti\u1ebfp c\u1eadn chuy\u1ec3n \u0111\u1ed5i Sinh th\u00e1i &#8211; X\u00e3 h\u1ed9i: C\u01a1 h\u1ed9i, th\u00e1ch th\u1ee9c v\u00e0 h\u00e0m \u00fd ch\u00ednh s\u00e1ch&#8221;<\/a><\/h4>\n                                <div class=\"text\">Bi\u1ebfn \u0111\u1ed5i kh\u00ed h\u1eadu v\u00e0 \u0110\u1ea1i d\u1ecbch Covid-19 \u0111\u00e3 v\u00e0 \u0111ang t\u1ea1o ra nh\u1eefng t\u00e1c ...<\/div>\n                                <a href=\"https:\/\/setycamp.vn\/en\/courses\/skill-club-2\/\" class=\"theme-btn btn-style-one\"><span class=\"txt\">\u0110\u1ecdc ti\u1ebfp<\/span><\/a>\n                            <\/div>\n                        <\/div>\n                    <\/div>\n                                        <!-- Course Block Three -->\n                    <div class=\"course-block-three col-xl-3 col-lg-4 col-md-6 col-sm-12\">\n                        <div class=\"inner-box\">\n                            <div class=\"image\">\n                                <a href=\"https:\/\/setycamp.vn\/en\/courses\/skill-club\/\"><img loading=\"lazy\" decoding=\"async\" width=\"2101\" height=\"1564\" src=\"https:\/\/setycamp.vn\/wp-content\/uploads\/2021\/05\/Bia_Quyen-2-DI-IN.jpg\" class=\"attachment-kidum_340x250 size-kidum_340x250 wp-post-image\" alt=\"\" srcset=\"https:\/\/setycamp.vn\/wp-content\/uploads\/2021\/05\/Bia_Quyen-2-DI-IN.jpg 2101w, https:\/\/setycamp.vn\/wp-content\/uploads\/2021\/05\/Bia_Quyen-2-DI-IN-300x223.jpg 300w, https:\/\/setycamp.vn\/wp-content\/uploads\/2021\/05\/Bia_Quyen-2-DI-IN-1024x762.jpg 1024w, https:\/\/setycamp.vn\/wp-content\/uploads\/2021\/05\/Bia_Quyen-2-DI-IN-768x572.jpg 768w, https:\/\/setycamp.vn\/wp-content\/uploads\/2021\/05\/Bia_Quyen-2-DI-IN-1536x1143.jpg 1536w, https:\/\/setycamp.vn\/wp-content\/uploads\/2021\/05\/Bia_Quyen-2-DI-IN-2048x1525.jpg 2048w, https:\/\/setycamp.vn\/wp-content\/uploads\/2021\/05\/Bia_Quyen-2-DI-IN-600x447.jpg 600w\" sizes=\"(max-width: 2101px) 100vw, 2101px\" \/><\/a>\n                                <!-- <div class=\"post-date\">\t<div class=\"price\">\n\t\tFree\t<\/div>\n\t<\/div> -->\n                            <\/div>\n                            <div class=\"lower-content\">\n                                <ul class=\"course-info\">\n                                    <li>12 Lesson<\/li>\n                                    <li>40 Classes<\/li>\n                                    <li>123 Seats<\/li>\n                                <\/ul>\n                                <h4><a href=\"https:\/\/setycamp.vn\/en\/courses\/skill-club\/\">Cu\u1ed1n s\u00e1ch &#8220;S\u1ea3n xu\u1ea5t n\u00f4ng nghi\u1ec7p \u1edf Vi\u1ec7t Nam v\u00e0 c\u00e1c n\u01b0\u1edbc \u0110\u00f4ng Nam \u00c1 trong b\u1ed1i c\u1ea3nh Covid-19 v\u00e0 bi\u1ebfn \u0111\u1ed5i kh\u00ed h\u1eadu&#8221;<\/a><\/h4>\n                                <div class=\"text\">\u201cS\u1ea3n xu\u1ea5t n\u00f4ng nghi\u1ec7p \u1edf Vi\u1ec7t Nam v\u00e0 c\u00e1c n\u01b0\u1edbc \u0110\u00f4ng Nam \u00c1 trong b\u1ed1i ...<\/div>\n                                <a href=\"https:\/\/setycamp.vn\/en\/courses\/skill-club\/\" class=\"theme-btn btn-style-one\"><span class=\"txt\">\u0110\u1ecdc ti\u1ebfp<\/span><\/a>\n                            <\/div>\n                        <\/div>\n                    <\/div>\n                                    <\/div>\n                \n                <!-- Styled Pagination -->\n                <div class=\"styled-pagination text-center\">\n                    <ul class=\"pagination\">\n\t<li><span aria-current=\"page\" class=\"page-numbers current\">1<\/span><\/li>\n\t<li><a class=\"page-numbers\" href=\"https:\/\/setycamp.vn\/en\/wp-json\/wp\/v2\/pages\/1571\/page\/2\/\">2<\/a><\/li>\n\t<li><a class=\"next page-numbers\" href=\"https:\/\/setycamp.vn\/en\/wp-json\/wp\/v2\/pages\/1571\/page\/2\/\"><i class=\"fa fa-angle-right\"><\/i> <\/a><\/li>\n<\/ul>\n                <\/div>                \n                <!-- End Styled Pagination -->\n                \n            <\/div>\n        <\/section>\n        <!-- End Classes Page Section -->\n            \n        \t\t\t\t<\/div>\n\t\t\t\t<\/div>\n\t\t\t\t\t<\/div>\n\t\t<\/div>\n\t\t\t\t\t<\/div>\n\t\t<\/section>\n\t\t\t\t<\/div>","protected":false},"excerpt":{"rendered":"<p>12 Lesson 40 Classes 123 Seats Cu\u1ed1n s\u00e1ch &#8220;Tri\u1ec3n v\u1ecdng v\u1ec1 chuy\u1ec3n \u0111\u1ed5i kinh t\u1ebf, sinh th\u00e1i v\u00e0 x\u00e3 h\u1ed9i t\u1ea1i Vi\u1ec7t Nam: T\u1eeb th\u1ef1c ti\u1ec5n \u0111\u1ebfn chinh s\u00e1ch&#8221; T\u00ednh li\u00ean ng\u00e0nh trong khoa h\u1ecdc ng\u00e0y nay \u0111\u00e3 v\u00e0 \u0111ang v\u01b0\u1ee3t ra ngo\u00e0i ranh &#8230; \u0110\u1ecdc ti\u1ebfp 12 Lesson 40 Classes 123 Seats Cu\u1ed1n s\u00e1ch [&hellip;]<\/p>\n","protected":false},"author":1,"featured_media":0,"parent":0,"menu_order":0,"comment_status":"closed","ping_status":"closed","template":"tpl-default-elementor.php","meta":{"footnotes":""},"class_list":["post-1571","page","type-page","status-publish","hentry"],"_links":{"self":[{"href":"https:\/\/setycamp.vn\/en\/wp-json\/wp\/v2\/pages\/1571","targetHints":{"allow":["GET"]}}],"collection":[{"href":"https:\/\/setycamp.vn\/en\/wp-json\/wp\/v2\/pages"}],"about":[{"href":"https:\/\/setycamp.vn\/en\/wp-json\/wp\/v2\/types\/page"}],"author":[{"embeddable":true,"href":"https:\/\/setycamp.vn\/en\/wp-json\/wp\/v2\/users\/1"}],"replies":[{"embeddable":true,"href":"https:\/\/setycamp.vn\/en\/wp-json\/wp\/v2\/comments?post=1571"}],"version-history":[{"count":14,"href":"https:\/\/setycamp.vn\/en\/wp-json\/wp\/v2\/pages\/1571\/revisions"}],"predecessor-version":[{"id":1830,"href":"https:\/\/setycamp.vn\/en\/wp-json\/wp\/v2\/pages\/1571\/revisions\/1830"}],"wp:attachment":[{"href":"https:\/\/setycamp.vn\/en\/wp-json\/wp\/v2\/media?parent=1571"}],"curies":[{"name":"wp","href":"https:\/\/api.w.org\/{rel}","templated":true}]}}