{"id":1131,"date":"2022-02-05T10:01:13","date_gmt":"2022-02-05T10:01:13","guid":{"rendered":"http:\/\/wp.efforttech.net\/wp\/kidum\/?page_id=1131"},"modified":"2022-08-06T14:50:41","modified_gmt":"2022-08-06T07:50:41","slug":"contact-us","status":"publish","type":"page","link":"https:\/\/setycamp.vn\/en\/contact-us\/","title":{"rendered":"Contact Us"},"content":{"rendered":"\t\t<div data-elementor-type=\"wp-page\" data-elementor-id=\"1131\" class=\"elementor elementor-1131\">\n\t\t\t\t\t\t<section class=\"elementor-section elementor-top-section elementor-element elementor-element-274d2f7 elementor-section-full_width elementor-section-height-default elementor-section-height-default\" data-id=\"274d2f7\" data-element_type=\"section\" data-e-type=\"section\">\n\t\t\t\t\t\t<div class=\"elementor-container elementor-column-gap-default\">\n\t\t\t\t\t<div class=\"elementor-column elementor-col-100 elementor-top-column elementor-element elementor-element-c9b9535\" data-id=\"c9b9535\" data-element_type=\"column\" data-e-type=\"column\">\n\t\t\t<div class=\"elementor-widget-wrap elementor-element-populated\">\n\t\t\t\t\t\t<div class=\"elementor-element elementor-element-af3cf68 elementor-widget elementor-widget-kidum_contact_info\" data-id=\"af3cf68\" data-element_type=\"widget\" data-e-type=\"widget\" data-widget_type=\"kidum_contact_info.default\">\n\t\t\t\t<div class=\"elementor-widget-container\">\n\t\t\t\t\t\n\t<!-- Contact Page Section -->\n\t<section class=\"contact-page-section-two\">\n\t\t<div class=\"auto-container\">\n\t\t\t            <!-- Sec Title \/ Style Four -->\n\t\t\t<div class=\"sec-title style-four centered\">\n\t\t\t\t\t\t\t\t<h2>Th\u00f4ng tin li\u00ean h\u1ec7<\/h2>\t\t\t\t<div class=\"text\">Qu\u1ef9 Rosa Luxemburg khu v\u1ef1c \u0110\u00f4ng Nam \u00c1 - V\u0103n ph\u00f2ng \u0110\u1ea1i di\u1ec7n t\u1ea1i H\u00e0 N\u1ed9i<\/div>\t\t\t<\/div>\n            \t\t\t<div class=\"row clearfix\">\n\t\t\t\t\n\t\t\t\t\t\t\t\t<!-- Info Column -->\n\t\t\t\t<div class=\"info-column col-lg-4 col-md-6 col-sm-12\">\n\t\t\t\t\t<div class=\"inner-column\">\n\t\t\t\t\t\t<div class=\"content\">\n\t\t\t\t\t\t\t<div class=\"icon flaticon-email-1\"><\/div>\n\t\t\t\t\t\t\t<strong>Email:<\/strong>\n\t\t\t\t\t\t\t<div class=\"text\">setycamp2022@gmail.com<\/div>\n\t\t\t\t\t\t<\/div>\n\t\t\t\t\t<\/div>\n\t\t\t\t<\/div>\n\t\t\t\t\t\t\t\t<!-- Info Column -->\n\t\t\t\t<div class=\"info-column col-lg-4 col-md-6 col-sm-12\">\n\t\t\t\t\t<div class=\"inner-column\">\n\t\t\t\t\t\t<div class=\"content\">\n\t\t\t\t\t\t\t<div class=\"icon flaticon-telephone-1\"><\/div>\n\t\t\t\t\t\t\t<strong>\u0110i\u1ec7n tho\u1ea1i:<\/strong>\n\t\t\t\t\t\t\t<div class=\"text\">(+84) 243-558-7547<\/div>\n\t\t\t\t\t\t<\/div>\n\t\t\t\t\t<\/div>\n\t\t\t\t<\/div>\n\t\t\t\t\t\t\t\t<!-- Info Column -->\n\t\t\t\t<div class=\"info-column col-lg-4 col-md-6 col-sm-12\">\n\t\t\t\t\t<div class=\"inner-column\">\n\t\t\t\t\t\t<div class=\"content\">\n\t\t\t\t\t\t\t<div class=\"icon fa fa-globe\"><\/div>\n\t\t\t\t\t\t\t<strong>Website:<\/strong>\n\t\t\t\t\t\t\t<div class=\"text\">ipam.edu.vn<\/div>\n\t\t\t\t\t\t<\/div>\n\t\t\t\t\t<\/div>\n\t\t\t\t<\/div>\n\t\t\t\t\t\t\t\t<!-- Info Column -->\n\t\t\t\t<div class=\"info-column col-lg-4 col-md-6 col-sm-12\">\n\t\t\t\t\t<div class=\"inner-column\">\n\t\t\t\t\t\t<div class=\"content\">\n\t\t\t\t\t\t\t<div class=\"icon flaticon-placeholder\"><\/div>\n\t\t\t\t\t\t\t<strong>\u0110\u1ecba ch\u1ec9:<\/strong>\n\t\t\t\t\t\t\t<div class=\"text\">P209 nh\u00e0 D, Tr\u01b0\u1eddng \u0110\u1ea1i h\u1ecdc Khoa h\u1ecdc X\u00e3 h\u1ed9i v\u00e0 Nh\u00e2n v\u0103n, s\u1ed1 336, Nguy\u1ec5n Tr\u00e3i, Thanh Xu\u00e2n, H\u00e0 N\u1ed9i\n<\/div>\n\t\t\t\t\t\t<\/div>\n\t\t\t\t\t<\/div>\n\t\t\t\t<\/div>\n\t\t\t\t\t\t\t<\/div>\n\t\t\t\t\t<\/div>\n\t<\/section>\n\t\n\t<!-- End Contact Page Section -->\n\t\t\n    \t\t\t\t<\/div>\n\t\t\t\t<\/div>\n\t\t\t\t\t<\/div>\n\t\t<\/div>\n\t\t\t\t\t<\/div>\n\t\t<\/section>\n\t\t\t\t<section class=\"elementor-section elementor-top-section elementor-element elementor-element-46b7420 elementor-section-full_width elementor-section-height-default elementor-section-height-default\" data-id=\"46b7420\" data-element_type=\"section\" data-e-type=\"section\">\n\t\t\t\t\t\t<div class=\"elementor-container elementor-column-gap-default\">\n\t\t\t\t\t<div class=\"elementor-column elementor-col-100 elementor-top-column elementor-element elementor-element-674a965\" data-id=\"674a965\" data-element_type=\"column\" data-e-type=\"column\">\n\t\t\t<div class=\"elementor-widget-wrap elementor-element-populated\">\n\t\t\t\t\t\t<div class=\"elementor-element elementor-element-ea5bbd9 elementor-widget elementor-widget-kidum_contact_us_v2\" data-id=\"ea5bbd9\" data-element_type=\"widget\" data-e-type=\"widget\" data-widget_type=\"kidum_contact_us_v2.default\">\n\t\t\t\t<div class=\"elementor-widget-container\">\n\t\t\t\t\t\n\t<!-- Contact Form Section -->\n\t<section class=\"contact-form-section\">\n\t\t<div class=\"pattern-layer\" style=\"background-image:url(https:\/\/setycamp.vn\/wp-content\/uploads\/2022\/02\/pattern-2.png)\"><\/div>\t\t<div class=\"auto-container\">\n\t\t\t<div class=\"row clearfix\">\n\t\t\t\n\t\t\t\t<!-- Info Column -->\n\t\t\t\t<div class=\"image-column col-lg-6 col-md-12 col-sm-12\">\n\t\t\t\t\t<div class=\"inner-column\">\n                        <div class=\"image\">\n                            <img decoding=\"async\" src=\"https:\/\/setycamp.vn\/wp-content\/uploads\/2022\/02\/contact-1.jpg\" alt=\"Awesome Image\">\n                        <\/div>\n                        <div class=\"image-two\">\n                            <img decoding=\"async\" src=\"https:\/\/setycamp.vn\/wp-content\/uploads\/2022\/02\/contact-2.jpg\" alt=\"Awesome Image\">\n                        <\/div>\n                    <\/div>\n\t\t\t\t<\/div>\n\t\t\t\t\n\t\t\t\t<!-- Form Column -->\n\t\t\t\t<div class=\"form-column col-lg-6 col-md-12 col-sm-12\">\n\t\t\t\t\t<div class=\"inner-column\">\n\t\t\t\t\t\t                        <!-- Sec Title \/ Style Three -->\n\t\t\t\t\t\t<div class=\"sec-title style-three\">\n\t\t\t\t\t\t\t<div class=\"title\">Li\u00ean h\u1ec7 v\u1edbi ch\u00fang t\u00f4i<\/div>\t\t\t\t\t\t\t<h2>Send Your Message<\/h2>\t\t\t\t\t\t<\/div>\n\t\t\t\t\t\t                                                <!-- Default Form \/ Style Two -->\n\t\t\t\t\t\t<div class=\"default-form style-two contact-form\">\n\t\t\t\t\t\t\t\n<div class=\"wpcf7 no-js\" id=\"wpcf7-f1147-o1\" lang=\"en-US\" dir=\"ltr\" data-wpcf7-id=\"1147\">\n<div class=\"screen-reader-response\"><p role=\"status\" aria-live=\"polite\" aria-atomic=\"true\"><\/p> <ul><\/ul><\/div>\n<form action=\"\/en\/wp-json\/wp\/v2\/pages\/1131#wpcf7-f1147-o1\" method=\"post\" class=\"wpcf7-form init\" aria-label=\"Contact form\" novalidate=\"novalidate\" data-status=\"init\">\n<fieldset class=\"hidden-fields-container\"><input type=\"hidden\" name=\"_wpcf7\" value=\"1147\" \/><input type=\"hidden\" name=\"_wpcf7_version\" value=\"6.1.5\" \/><input type=\"hidden\" name=\"_wpcf7_locale\" value=\"en_US\" \/><input type=\"hidden\" name=\"_wpcf7_unit_tag\" value=\"wpcf7-f1147-o1\" \/><input type=\"hidden\" name=\"_wpcf7_container_post\" value=\"0\" \/><input type=\"hidden\" name=\"_wpcf7_posted_data_hash\" value=\"\" \/>\n<\/fieldset>\n<div class=\"form-group\">\n\t<p><span class=\"icon flaticon-user\"><\/span><span class=\"wpcf7-form-control-wrap\" data-name=\"text-597\"><input size=\"40\" maxlength=\"400\" class=\"wpcf7-form-control wpcf7-text wpcf7-validates-as-required\" aria-required=\"true\" aria-invalid=\"false\" placeholder=\"Your Name\" value=\"\" type=\"text\" name=\"text-597\" \/><\/span>\n\t<\/p>\n<\/div>\n<div class=\"form-group\">\n\t<p><span class=\"icon flaticon-email-2\"><\/span><span class=\"wpcf7-form-control-wrap\" data-name=\"email-984\"><input size=\"40\" maxlength=\"400\" class=\"wpcf7-form-control wpcf7-email wpcf7-validates-as-required wpcf7-text wpcf7-validates-as-email\" aria-required=\"true\" aria-invalid=\"false\" placeholder=\"Your Email\" value=\"\" type=\"email\" name=\"email-984\" \/><\/span>\n\t<\/p>\n<\/div>\n<div class=\"form-group\">\n\t<p><span class=\"icon flaticon-chat-bubbles-with-ellipsis\"><\/span><span class=\"wpcf7-form-control-wrap\" data-name=\"text-598\"><input size=\"40\" maxlength=\"400\" class=\"wpcf7-form-control wpcf7-text wpcf7-validates-as-required\" aria-required=\"true\" aria-invalid=\"false\" placeholder=\"Subject\" value=\"\" type=\"text\" name=\"text-598\" \/><\/span>\n\t<\/p>\n<\/div>\n<div class=\"form-group\">\n\t<p><span class=\"wpcf7-form-control-wrap\" data-name=\"textarea-586\"><textarea cols=\"40\" rows=\"10\" maxlength=\"2000\" class=\"wpcf7-form-control wpcf7-textarea wpcf7-validates-as-required\" aria-required=\"true\" aria-invalid=\"false\" placeholder=\"Message\" name=\"textarea-586\"><\/textarea><\/span>\n\t<\/p>\n<\/div>\n<div class=\"clearfix\">\n\t<div class=\"pull-left\">\n\t\t<div class=\"form-group\">\n\t\t\t<p><button type=\"submit\" class=\"theme-btn btn-style-one\"><span class=\"txt\">Submit Now<\/span><\/button>\n\t\t\t<\/p>\n\t\t<\/div>\n\t<\/div>\n<\/div><p style=\"display: none !important;\" class=\"akismet-fields-container\" data-prefix=\"_wpcf7_ak_\"><label>&#916;<textarea name=\"_wpcf7_ak_hp_textarea\" cols=\"45\" rows=\"8\" maxlength=\"100\"><\/textarea><\/label><input type=\"hidden\" id=\"ak_js_1\" name=\"_wpcf7_ak_js\" value=\"194\"\/><script type=\"text\/javascript\">\n\/* <![CDATA[ *\/\ndocument.getElementById( \"ak_js_1\" ).setAttribute( \"value\", ( new Date() ).getTime() );\n\/* ]]> *\/\n<\/script>\n<\/p><div class=\"wpcf7-response-output\" aria-hidden=\"true\"><\/div>\n<\/form>\n<\/div>\n                        <\/div>\n                        \t\t\t\t\t<\/div>\n\t\t\t\t<\/div>\n\t\t\t\t\n\t\t\t<\/div>\n\t\t<\/div>\n\t<\/section>\n\t<!-- End Contact Form Section -->\n\t\t\n    \t\t\t\t<\/div>\n\t\t\t\t<\/div>\n\t\t\t\t\t<\/div>\n\t\t<\/div>\n\t\t\t\t\t<\/div>\n\t\t<\/section>\n\t\t\t\t<section class=\"elementor-section elementor-top-section elementor-element elementor-element-3cae622 elementor-section-full_width elementor-hidden-desktop elementor-hidden-tablet elementor-hidden-mobile elementor-section-height-default elementor-section-height-default\" data-id=\"3cae622\" data-element_type=\"section\" data-e-type=\"section\">\n\t\t\t\t\t\t<div class=\"elementor-container elementor-column-gap-default\">\n\t\t\t\t\t<div class=\"elementor-column elementor-col-100 elementor-top-column elementor-element elementor-element-21b1e32\" data-id=\"21b1e32\" data-element_type=\"column\" data-e-type=\"column\">\n\t\t\t<div class=\"elementor-widget-wrap elementor-element-populated\">\n\t\t\t\t\t\t<div class=\"elementor-element elementor-element-a253e97 elementor-widget elementor-widget-kidum_google_map\" data-id=\"a253e97\" data-element_type=\"widget\" data-e-type=\"widget\" data-widget_type=\"kidum_google_map.default\">\n\t\t\t\t<div class=\"elementor-widget-container\">\n\t\t\t\t\t        \n        <!-- Map Section -->\n        <section class=\"contact-map-section\">\n            <div class=\"outer-container\">\n                <!-- Map Boxed -->\n                <div class=\"map-boxed\">\n                    <!--Map Outer-->\n                    <div class=\"map-outer\">\n                        <iframe src=\"https:\/\/www.google.com\/maps\/embed?pb=!1m18!1m12!1m3!1d805184.6331292129!2d144.49266890254142!3d-37.97123689954809!2m3!1f0!2f0!3f0!3m2!1i1024!2i768!4f13.1!3m3!1m2!1s0x6ad646b5d2ba4df7%3A0x4045675218ccd90!2sMelbourne%20VIC%2C%20Australia!5e0!3m2!1sen!2s!4v1574408946759!5m2!1sen!2s\" allowfullscreen=\"\"><\/iframe>                    <\/div>\n                <\/div>\n            <\/div>\n        <\/section>\n        <!-- End Map Section -->\n        \n\t\t\t\t\t\t<\/div>\n\t\t\t\t<\/div>\n\t\t\t\t\t<\/div>\n\t\t<\/div>\n\t\t\t\t\t<\/div>\n\t\t<\/section>\n\t\t\t\t<\/div>\n\t\t","protected":false},"excerpt":{"rendered":"<p>Th\u00f4ng tin li\u00ean h\u1ec7 Qu\u1ef9 Rosa Luxemburg khu v\u1ef1c \u0110\u00f4ng Nam \u00c1 &#8211; V\u0103n ph\u00f2ng \u0110\u1ea1i di\u1ec7n t\u1ea1i H\u00e0 N\u1ed9i Email: setycamp2022@gmail.com \u0110i\u1ec7n tho\u1ea1i: (+84) 243-558-7547 Website: ipam.edu.vn \u0110\u1ecba ch\u1ec9: P209 nh\u00e0 D, Tr\u01b0\u1eddng \u0110\u1ea1i h\u1ecdc Khoa h\u1ecdc X\u00e3 h\u1ed9i v\u00e0 Nh\u00e2n v\u0103n, s\u1ed1 336, Nguy\u1ec5n Tr\u00e3i, Thanh Xu\u00e2n, H\u00e0 N\u1ed9i Li\u00ean h\u1ec7 v\u1edbi ch\u00fang [&hellip;]<\/p>\n","protected":false},"author":1,"featured_media":0,"parent":0,"menu_order":0,"comment_status":"closed","ping_status":"closed","template":"tpl-default-elementor.php","meta":{"footnotes":""},"class_list":["post-1131","page","type-page","status-publish","hentry"],"_links":{"self":[{"href":"https:\/\/setycamp.vn\/en\/wp-json\/wp\/v2\/pages\/1131","targetHints":{"allow":["GET"]}}],"collection":[{"href":"https:\/\/setycamp.vn\/en\/wp-json\/wp\/v2\/pages"}],"about":[{"href":"https:\/\/setycamp.vn\/en\/wp-json\/wp\/v2\/types\/page"}],"author":[{"embeddable":true,"href":"https:\/\/setycamp.vn\/en\/wp-json\/wp\/v2\/users\/1"}],"replies":[{"embeddable":true,"href":"https:\/\/setycamp.vn\/en\/wp-json\/wp\/v2\/comments?post=1131"}],"version-history":[{"count":31,"href":"https:\/\/setycamp.vn\/en\/wp-json\/wp\/v2\/pages\/1131\/revisions"}],"predecessor-version":[{"id":2201,"href":"https:\/\/setycamp.vn\/en\/wp-json\/wp\/v2\/pages\/1131\/revisions\/2201"}],"wp:attachment":[{"href":"https:\/\/setycamp.vn\/en\/wp-json\/wp\/v2\/media?parent=1131"}],"curies":[{"name":"wp","href":"https:\/\/api.w.org\/{rel}","templated":true}]}}